{"id":8230,"date":"2013-09-06T15:19:20","date_gmt":"2013-09-06T12:19:20","guid":{"rendered":"https:\/\/miinanpolku.fi\/kontakta\/"},"modified":"2023-08-17T08:28:23","modified_gmt":"2023-08-17T05:28:23","slug":"kontakta","status":"publish","type":"page","link":"https:\/\/miinanpolku.fi\/sv\/kontakta\/","title":{"rendered":"Kontakta"},"content":{"rendered":"<section class=\"l-section wpb_row height_custom color_primary with_img\"><div class=\"l-section-img\" style=\"background-image: url(https:\/\/miinanpolku.fi\/wp-content\/uploads\/2022\/02\/Nimeto\u0308n-suunn.malli-2022-02-25T125452.481.png);\" data-img-width=\"6912\" data-img-height=\"3456\"><\/div><div class=\"l-section-overlay\" style=\"background:rgba(10,10,10,0.10)\"><\/div><div class=\"l-section-h i-cf\"><div class=\"g-cols vc_row via_grid cols_1 laptops-cols_inherit tablets-cols_inherit mobiles-cols_1 valign_top type_default\"><div class=\"wpb_column vc_column_container\"><div class=\"vc_column-inner\"><div class=\"wpb_text_column\"><div class=\"wpb_wrapper\"><h1 style=\"text-align: center;\">Kontakta<\/h1>\n<h6 style=\"text-align: center;\">Miinanpolku Oy<\/h6>\n<\/div><\/div><div class=\"w-separator size_small\"><\/div><\/div><\/div><\/div><\/div><\/section><section class=\"l-section wpb_row height_custom\"><div class=\"l-section-h i-cf\"><div class=\"g-cols vc_row via_grid cols_2 laptops-cols_inherit tablets-cols_inherit mobiles-cols_1 valign_top type_default\" style=\"grid-gap:calc(3rem + 10px);\"><div class=\"wpb_column vc_column_container\"><div class=\"vc_column-inner\"><div class=\"wpb_text_column\"><div class=\"wpb_wrapper\"><h6 style=\"text-align: left;\">Disa Malmberg<br \/>\nVerkst\u00e4llande direkt\u00f6r<br \/>\ndisa.malmberg@miinanpolku.fi<\/h6>\n<\/div><\/div><div class=\"w-separator size_medium\"><\/div><div class=\"w-iconbox iconpos_left style_circle color_primary align_left no_text\"><a href=\"mailto:info@example.com\" class=\"w-iconbox-link\" aria-label=\"info@miinanpolku.fi\"><div class=\"w-iconbox-icon\" style=\"font-size:22px;\"><i class=\"far fa-envelope\"><\/i><\/div><\/a><div class=\"w-iconbox-meta\"><a href=\"mailto:info@example.com\" class=\"w-iconbox-link\" aria-label=\"info@miinanpolku.fi\"><h4 class=\"w-iconbox-title\">info@miinanpolku.fi<\/h4><\/a><\/div><\/div><div class=\"w-separator size_small\"><\/div><div class=\"w-iconbox iconpos_left style_circle color_primary align_left no_text\"><div class=\"w-iconbox-icon\" style=\"font-size:22px;\"><i class=\"far fa-phone\"><\/i><\/div><div class=\"w-iconbox-meta\"><h4 class=\"w-iconbox-title\">+358 447 000001<\/h4><\/div><\/div><div class=\"w-separator size_small\"><\/div><div class=\"w-iconbox iconpos_left style_circle color_primary align_left no_text\"><div class=\"w-iconbox-icon\" style=\"font-size:22px;\"><i class=\"far fa-map-marker-alt\"><\/i><\/div><div class=\"w-iconbox-meta\"><h4 class=\"w-iconbox-title\">ADRESS<br \/>\nBrahegatan 18b 20100, \u00c5bo<\/h4><\/div><\/div><div class=\"w-separator size_small\"><\/div><\/div><\/div><div class=\"wpb_column vc_column_container\"><div class=\"vc_column-inner\"><div class=\"w-map provider_osm us_custom_8bc5602f\" id=\"us_map_1\"><div class=\"w-map-json\" onclick='return {&quot;address&quot;:&quot;Brahegatan 18, \\u00c5bo&quot;,&quot;zoom&quot;:14,&quot;hideControls&quot;:0,&quot;disableZoom&quot;:0,&quot;disableDragging&quot;:0,&quot;markers&quot;:[{&quot;address&quot;:&quot;Brahegatan 18, \\u00c5bo&quot;,&quot;html&quot;:&quot;L\\u00e4ge &quot;,&quot;infowindow&quot;:false}],&quot;style&quot;:&quot;https:\\\/\\\/{s}.tile.openstreetmap.org\\\/{z}\\\/{x}\\\/{y}.png&quot;}'><\/div><\/div><\/div><\/div><\/div><\/div><\/section>\n","protected":false},"excerpt":{"rendered":"Kontakta Miinanpolku Oy Disa Malmberg Verkst\u00e4llande direkt\u00f6r disa.malmberg@miinanpolku.fi info@miinanpolku.fi+358 447 000001ADRESS Brahegatan 18b 20100, \u00c5bo","protected":false},"author":1,"featured_media":0,"parent":0,"menu_order":0,"comment_status":"closed","ping_status":"closed","template":"","meta":{"footnotes":""},"class_list":["post-8230","page","type-page","status-publish","hentry"],"_links":{"self":[{"href":"https:\/\/miinanpolku.fi\/sv\/wp-json\/wp\/v2\/pages\/8230","targetHints":{"allow":["GET"]}}],"collection":[{"href":"https:\/\/miinanpolku.fi\/sv\/wp-json\/wp\/v2\/pages"}],"about":[{"href":"https:\/\/miinanpolku.fi\/sv\/wp-json\/wp\/v2\/types\/page"}],"author":[{"embeddable":true,"href":"https:\/\/miinanpolku.fi\/sv\/wp-json\/wp\/v2\/users\/1"}],"replies":[{"embeddable":true,"href":"https:\/\/miinanpolku.fi\/sv\/wp-json\/wp\/v2\/comments?post=8230"}],"version-history":[{"count":6,"href":"https:\/\/miinanpolku.fi\/sv\/wp-json\/wp\/v2\/pages\/8230\/revisions"}],"predecessor-version":[{"id":8269,"href":"https:\/\/miinanpolku.fi\/sv\/wp-json\/wp\/v2\/pages\/8230\/revisions\/8269"}],"wp:attachment":[{"href":"https:\/\/miinanpolku.fi\/sv\/wp-json\/wp\/v2\/media?parent=8230"}],"curies":[{"name":"wp","href":"https:\/\/api.w.org\/{rel}","templated":true}]}}