{"id":8224,"date":"2013-05-31T11:57:37","date_gmt":"2013-05-31T08:57:37","guid":{"rendered":"https:\/\/miinanpolku.fi\/jobba-hos-oss\/"},"modified":"2023-08-17T08:27:07","modified_gmt":"2023-08-17T05:27:07","slug":"jobba-hos-oss","status":"publish","type":"page","link":"https:\/\/miinanpolku.fi\/sv\/jobba-hos-oss\/","title":{"rendered":"Jobba hos oss"},"content":{"rendered":"<section class=\"l-section wpb_row height_huge color_primary with_img\"><div class=\"l-section-img\" style=\"background-image: url(https:\/\/miinanpolku.fi\/wp-content\/uploads\/2022\/03\/Nimeto\u0308n-suunn.malli-2022-03-02T141208.979.png);\" data-img-width=\"6912\" data-img-height=\"3456\"><\/div><div class=\"l-section-overlay\" style=\"background:rgba(2,2,2,0.45)\"><\/div><div class=\"l-section-h i-cf\"><div class=\"g-cols vc_row via_grid cols_1 laptops-cols_inherit tablets-cols_inherit mobiles-cols_1 valign_top type_default\"><div class=\"wpb_column vc_column_container\"><div class=\"vc_column-inner\"><div class=\"wpb_text_column\"><div class=\"wpb_wrapper\"><h1 style=\"text-align: center;\">Jobba hos oss<\/h1>\n<\/div><\/div><div class=\"w-separator size_small\"><\/div><\/div><\/div><\/div><\/div><\/section><section class=\"l-section wpb_row height_custom\"><div class=\"l-section-overlay\" style=\"background:#5297af\"><\/div><div class=\"l-section-h i-cf\"><div class=\"g-cols vc_row via_grid cols_1 laptops-cols_inherit tablets-cols_inherit mobiles-cols_1 valign_top type_default\"><div class=\"wpb_column vc_column_container\"><div class=\"vc_column-inner\"><div class=\"g-cols wpb_row via_grid cols_1 laptops-cols_inherit tablets-cols_inherit mobiles-cols_1 valign_top type_default\"><div class=\"wpb_column vc_column_container\"><div class=\"vc_column-inner\"><div class=\"w-separator size_medium\"><\/div><div class=\"wpb_text_column us_custom_6df4bc3a has_text_color\"><div class=\"wpb_wrapper\"><h5 style=\"text-align: center;\">F\u00f6r tillf\u00e4llet arbetar experter inom flera olika omr\u00e5den hos Miinanpolku Oy.<br \/>\nVi letar hela tiden efter fler experter till v\u00e5rt m\u00e5ngsidiga g\u00e4ng.<br \/>\nOm du k\u00e4nner att du skulle kunna h\u00e4mta mer yrkeskunskap och erfarenhet till v\u00e5rt team,<br \/>\nfyll d\u00e5 i formul\u00e4ret nedan och ber\u00e4tta kort om dig sj\u00e4lv och din arbetserfarenhet.<br \/>\nVi kontaktar dig s\u00e5 snart som m\u00f6jligt.<\/h5>\n<\/div><\/div><div class=\"w-separator size_medium\"><\/div><\/div><\/div><\/div><\/div><\/div><\/div><\/div><\/section><section class=\"l-section wpb_row height_custom\"><div class=\"l-section-h i-cf\"><div class=\"g-cols vc_row via_grid cols_1 laptops-cols_inherit tablets-cols_inherit mobiles-cols_1 valign_top type_default\"><div class=\"wpb_column vc_column_container\"><div class=\"vc_column-inner\"><div class=\"g-cols wpb_row via_grid cols_2 laptops-cols_inherit tablets-cols_inherit mobiles-cols_1 valign_top type_default\"><div class=\"wpb_column vc_column_container\"><div class=\"vc_column-inner\"><\/div><\/div><div class=\"wpb_column vc_column_container\"><div class=\"vc_column-inner\"><div class=\"wpb_text_column\"><div class=\"wpb_wrapper\"><h2>Fylla formul\u00e4r<\/h2>\n<\/div><\/div><div class=\"w-separator size_large\"><\/div><\/div><\/div><\/div><div class=\"g-cols wpb_row via_grid cols_2 laptops-cols_inherit tablets-cols_inherit mobiles-cols_1 valign_top type_default\"><div class=\"wpb_column vc_column_container\"><div class=\"vc_column-inner\"><div class=\"w-image align_left\"><div class=\"w-image-h\"><img loading=\"lazy\" decoding=\"async\" width=\"1024\" height=\"1024\" src=\"https:\/\/miinanpolku.fi\/wp-content\/uploads\/2022\/03\/Nimeto\u0308n-suunn.malli-2022-03-03T112454.863-1024x1024.png\" class=\"attachment-large size-large\" alt=\"\" srcset=\"https:\/\/miinanpolku.fi\/wp-content\/uploads\/2022\/03\/Nimeto\u0308n-suunn.malli-2022-03-03T112454.863-1024x1024.png 1024w, https:\/\/miinanpolku.fi\/wp-content\/uploads\/2022\/03\/Nimeto\u0308n-suunn.malli-2022-03-03T112454.863-300x300.png 300w, https:\/\/miinanpolku.fi\/wp-content\/uploads\/2022\/03\/Nimeto\u0308n-suunn.malli-2022-03-03T112454.863-150x150.png 150w, https:\/\/miinanpolku.fi\/wp-content\/uploads\/2022\/03\/Nimeto\u0308n-suunn.malli-2022-03-03T112454.863.png 1080w\" sizes=\"auto, (max-width: 1024px) 100vw, 1024px\" \/><\/div><\/div><\/div><\/div><div class=\"wpb_column vc_column_container\"><div class=\"vc_column-inner\"><form class=\"w-form  layout_ver for_cform us_form_1\" autocomplete=\"off\" action=\"https:\/\/miinanpolku.fi\/sv\/wp-json\/wp\/v2\/pages\/8224\" method=\"post\"><div class=\"w-form-h\"><div class=\"w-form-row for_text required\">\r\n\t\t<div class=\"w-form-row-field\">\r\n\t\t\t\t\t\t<input aria-label=\"Namn\" type=\"text\" name=\"us_form_1_text_1\" value placeholder=\"Namn *\" data-required=\"true\" aria-required=\"true\"\/>\r\n\t\t\t<\/div>\r\n\t\t<div class=\"w-form-row-state\">Fill out this field<\/div>\r\n<\/div>\r\n<div class=\"w-form-row for_text required\">\r\n\t\t<div class=\"w-form-row-field\">\r\n\t\t\t\t\t\t<input aria-label=\"Telefonnummer\" type=\"text\" name=\"us_form_1_text_2\" value placeholder=\"Telefonnummer *\" data-required=\"true\" aria-required=\"true\"\/>\r\n\t\t\t<\/div>\r\n\t\t<div class=\"w-form-row-state\">Fill out this field<\/div>\r\n<\/div>\r\n<div class=\"w-form-row for_email required\">\r\n\t\t<div class=\"w-form-row-field\">\r\n\t\t\t\t\t\t<input aria-label=\"E-postadress\" type=\"email\" name=\"us_form_1_email_1\" value placeholder=\"E-postadress *\" data-required=\"true\" aria-required=\"true\"\/>\r\n\t\t\t<\/div>\r\n\t\t<div class=\"w-form-row-state\">Ange en giltig e-postadress.<\/div>\r\n<\/div>\r\n<div class=\"w-form-row for_textarea\">\r\n\t\t<div class=\"w-form-row-field\">\r\n\t\t\t\t\t\t<textarea aria-label=\"Text\" name=\"us_form_1_textarea_1\" placeholder=\"Text\"><\/textarea>\r\n\t\t\t<\/div>\r\n\t\t<div class=\"w-form-row-state\">Fill out this field<\/div>\r\n<\/div>\r\n<div class=\"w-form-row for_checkboxes required\">\r\n\t\t<div class=\"w-form-row-field\">\r\n\t\t\t\t\t<label>\r\n\t\t\t\t<input type=\"checkbox\" class=\"screen-reader-text\" name=\"us_form_1_checkboxes_1[]\" data-required=\"true\" value=\"Acceptera integritetspolicyn\"\/>\r\n\t\t\t\t<span class=\"w-form-checkbox\"><\/span>\r\n\t\t\t\t<span>Acceptera integritetspolicyn<\/span>\r\n\t\t\t<\/label>\r\n\t\t\t\t<\/div>\r\n\t\t<div class=\"w-form-row-state\">Select an option<\/div>\r\n<\/div>\r\n<div class=\"w-form-row for_captcha required\">\r\n\t<div class=\"w-form-row-label\">\r\n\t\t<span> <span>30 + 4 = ?<\/span><\/span>\r\n\t<\/div>\r\n\t<div class=\"w-form-row-field\">\r\n\t\t\t\t<input type=\"hidden\" name=\"us_form_1_captcha_1_hash\" value=\"ccfb9d68d10846d328892a257bf5d74d\" \/>\r\n\t\t\t\t<input aria-label=\"us_form_1_captcha_1\" type=\"text\" name=\"us_form_1_captcha_1\" placeholder data-required=\"true\" aria-required=\"true\"\/>\r\n\t\t\t<\/div>\r\n\t\t<div class=\"w-form-row-state\">Enter the equation result to proceed<\/div>\r\n<\/div>\r\n<input type=\"hidden\" name=\"action\" value=\"us_ajax_cform\" \/>\r\n<input type=\"hidden\" name=\"post_id\" value=\"0\" \/>\r\n<input type=\"hidden\" name=\"form_index\" value=\"1\" \/>\r\n<div class=\"w-form-row for_submit align_none\">\r\n\t<div class=\"w-form-row-field\">\r\n\t\t<button class=\"w-btn  us-btn-style_16\" aria-label=\"Skicka\" type=\"submit\">\r\n\t\t\t<span class=\"g-preloader type_1\"><\/span>\r\n\t\t\t\t\t\t<span class=\"w-btn-label\">Skicka<\/span>\r\n\t\t\t\t\t<\/button>\r\n\t<\/div>\r\n<\/div>\r\n<\/div><div class=\"w-form-message\"><\/div><div class=\"w-form-json hidden\" onclick='return {&quot;ajaxurl&quot;:&quot;https:\\\/\\\/miinanpolku.fi\\\/wp-admin\\\/admin-ajax.php&quot;}'><\/div><\/form><div class=\"w-separator size_small\"><\/div><div class=\"wpb_text_column\"><div class=\"wpb_wrapper\"><p><a href=\"http:\/\/*\">Integritetspolicy<\/a><\/p>\n<\/div><\/div><\/div><\/div><\/div><\/div><\/div><\/div><\/div><\/section>\n","protected":false},"excerpt":{"rendered":"Jobba hos oss F\u00f6r tillf\u00e4llet arbetar experter inom flera olika omr\u00e5den hos Miinanpolku Oy. Vi letar hela tiden efter fler experter till v\u00e5rt m\u00e5ngsidiga g\u00e4ng. Om du k\u00e4nner att du skulle kunna h\u00e4mta mer yrkeskunskap och erfarenhet till v\u00e5rt team, fyll d\u00e5 i formul\u00e4ret nedan och ber\u00e4tta kort om dig sj\u00e4lv och din arbetserfarenhet. Vi...","protected":false},"author":1,"featured_media":0,"parent":0,"menu_order":0,"comment_status":"closed","ping_status":"closed","template":"","meta":{"footnotes":""},"class_list":["post-8224","page","type-page","status-publish","hentry"],"_links":{"self":[{"href":"https:\/\/miinanpolku.fi\/sv\/wp-json\/wp\/v2\/pages\/8224","targetHints":{"allow":["GET"]}}],"collection":[{"href":"https:\/\/miinanpolku.fi\/sv\/wp-json\/wp\/v2\/pages"}],"about":[{"href":"https:\/\/miinanpolku.fi\/sv\/wp-json\/wp\/v2\/types\/page"}],"author":[{"embeddable":true,"href":"https:\/\/miinanpolku.fi\/sv\/wp-json\/wp\/v2\/users\/1"}],"replies":[{"embeddable":true,"href":"https:\/\/miinanpolku.fi\/sv\/wp-json\/wp\/v2\/comments?post=8224"}],"version-history":[{"count":12,"href":"https:\/\/miinanpolku.fi\/sv\/wp-json\/wp\/v2\/pages\/8224\/revisions"}],"predecessor-version":[{"id":8268,"href":"https:\/\/miinanpolku.fi\/sv\/wp-json\/wp\/v2\/pages\/8224\/revisions\/8268"}],"wp:attachment":[{"href":"https:\/\/miinanpolku.fi\/sv\/wp-json\/wp\/v2\/media?parent=8224"}],"curies":[{"name":"wp","href":"https:\/\/api.w.org\/{rel}","templated":true}]}}