{"id":8221,"date":"2019-06-03T16:00:19","date_gmt":"2019-06-03T13:00:19","guid":{"rendered":"https:\/\/miinanpolku.fi\/service\/"},"modified":"2023-08-17T08:20:34","modified_gmt":"2023-08-17T05:20:34","slug":"service","status":"publish","type":"page","link":"https:\/\/miinanpolku.fi\/sv\/service\/","title":{"rendered":"Service"},"content":{"rendered":"<section class=\"l-section wpb_row height_custom\"><div class=\"l-section-h i-cf\"><div class=\"g-cols vc_row via_grid cols_3 laptops-cols_inherit tablets-cols_inherit mobiles-cols_1 valign_top type_default\"><div class=\"wpb_column vc_column_container\"><div class=\"vc_column-inner\"><div class=\"w-ibanner us_custom_74e2e327 has_text_color animation_caeros ratio_2x3 easing_ease\"><div class=\"w-ibanner-h\"><div class=\"w-ibanner-image\" style=\"background-image: url(https:\/\/miinanpolku.fi\/wp-content\/uploads\/2022\/02\/Nimeto\u0308n-suunn.malli-2022-02-25T114348.417-1024x1024.png)\"><\/div><div class=\"w-ibanner-content\"><div class=\"w-ibanner-content-h\"><h3 class=\"w-ibanner-title\">FAMILJE-REHABILITERING<\/h3><div class=\"w-ibanner-desc\"><p>Man kan t\u00e4nka p\u00e5 familjerehabilitering som korrigerande familjearbete. Detta inneb\u00e4r bland annat st\u00f6d f\u00f6r \u00e4ndringar man kommit \u00f6verens om samt en planenlig och m\u00e5linriktad utredning av familjens situation utifr\u00e5n barnskyddsperspektiv. Barnskyddets rehabilitering \u00e4r intensiv, l\u00e5ngsiktig och m\u00e5linriktad, och den utf\u00f6rs tillsammans med hela familjen f\u00f6r att l\u00f6sa problem.<\/p>\n<\/div><\/div><\/div><\/div><\/div><\/div><\/div><div class=\"wpb_column vc_column_container\"><div class=\"vc_column-inner\"><div class=\"w-ibanner us_custom_74e2e327 has_text_color animation_caeros ratio_2x3 easing_ease\"><div class=\"w-ibanner-h\"><div class=\"w-ibanner-image\" style=\"background-image: url(https:\/\/miinanpolku.fi\/wp-content\/uploads\/2022\/02\/Nimeto\u0308n-suunn.malli-2022-02-25T115821.741-1024x1024.png)\"><\/div><div class=\"w-ibanner-content\"><div class=\"w-ibanner-content-h\"><h3 class=\"w-ibanner-title\">INTENSIFIERAT FAMILJEARBETE<\/h3><div class=\"w-ibanner-desc\"><p>Intensifierat familjearbete \u00e4r planm\u00e4ssig och lagstadgad st\u00f6dverksamhet inom \u00f6ppenv\u00e5rden som ordnas f\u00f6r barnfamiljer som \u00e4r klienter inom barnskyddet. Syftet med familjearbetet \u00e4r att st\u00e4rka familjens resurser och f\u00f6rb\u00e4ttra interaktionen inom familjen.<\/p>\n<\/div><\/div><\/div><\/div><\/div><\/div><\/div><div class=\"wpb_column vc_column_container\"><div class=\"vc_column-inner\"><div class=\"w-ibanner us_custom_74e2e327 has_text_color animation_caeros ratio_2x3 easing_ease\"><div class=\"w-ibanner-h\"><div class=\"w-ibanner-image\" style=\"background-image: url(https:\/\/miinanpolku.fi\/wp-content\/uploads\/2022\/02\/Nimeto\u0308n-suunn.malli-2022-02-25T122422.461-1024x1024.png)\"><\/div><div class=\"w-ibanner-content\"><div class=\"w-ibanner-content-h\"><h3 class=\"w-ibanner-title\">PROFESSIONELL ST\u00d6DPERSONS-VERKSAMHET<\/h3><div class=\"w-ibanner-desc\"><p>Den kr\u00e4vande professionella st\u00f6dpersonsverksamheten p\u00e5 specialniv\u00e5 erbjuder s\u00e4rskilt st\u00f6d f\u00f6r ett barn eller en ung person i enlighet med hens specialbehov. Syftet med verksamheten \u00e4r att erbjuda klienten aktivitetsbaserade sysslor och nya erfarenheter samt ge m\u00f6jligheten till samtal med en trygg vuxen. Verksamheten ska st\u00f6dja barnets eller den unga personens sj\u00e4lvk\u00e4nsla och positiva utveckling.<\/p>\n<\/div><\/div><\/div><\/div><\/div><\/div><\/div><\/div><\/div><\/section><section class=\"l-section wpb_row height_custom\"><div class=\"l-section-h i-cf\"><div class=\"g-cols vc_row via_grid cols_3 laptops-cols_inherit tablets-cols_inherit mobiles-cols_1 valign_top type_default\"><div class=\"wpb_column vc_column_container\"><div class=\"vc_column-inner\"><div class=\"w-ibanner us_custom_74e2e327 has_text_color animation_caeros ratio_2x3 easing_ease\"><div class=\"w-ibanner-h\"><div class=\"w-ibanner-image\" style=\"background-image: url(https:\/\/miinanpolku.fi\/wp-content\/uploads\/2022\/02\/Nimeto\u0308n-suunn.malli-2022-02-25T122922.689-1024x1024.png)\"><\/div><div class=\"w-ibanner-content\"><div class=\"w-ibanner-content-h\"><h3 class=\"w-ibanner-title\">\u00d6VERVAKADE OCH ST\u00d6DDA M\u00d6TEN \/ BYTEN<\/h3><div class=\"w-ibanner-desc\"><p>Vid \u00f6vervakade byten ser \u00f6vervakaren till att barnet f\u00f6rflyttas fr\u00e5n den ena f\u00f6r\u00e4ldern till den andra. Vid st\u00f6dda m\u00f6ten \u00e4r \u00f6vervakaren tillg\u00e4nglig under m\u00f6tet. Vid \u00f6vervakade m\u00f6ten h\u00e5lls \u00f6vervakaren s\u00e5 n\u00e4ra att hen kan se och h\u00f6ra barnet och f\u00f6r\u00e4ldern under m\u00f6tet.<\/p>\n<\/div><\/div><\/div><\/div><\/div><\/div><\/div><div class=\"wpb_column vc_column_container\"><div class=\"vc_column-inner\"><div class=\"w-ibanner us_custom_74e2e327 has_text_color animation_caeros ratio_2x3 easing_ease\"><div class=\"w-ibanner-h\"><div class=\"w-ibanner-image\" style=\"background-image: url(https:\/\/miinanpolku.fi\/wp-content\/uploads\/2022\/02\/Nimeto\u0308n-suunn.malli-2022-02-25T114812.692-1024x1024.png)\"><\/div><div class=\"w-ibanner-content\"><div class=\"w-ibanner-content-h\"><h3 class=\"w-ibanner-title\">FAMILJE-UTV\u00c4RDERING<\/h3><div class=\"w-ibanner-desc\"><p>Familjeutv\u00e4rdering \u00e4r ett utv\u00e4rderingssystem f\u00f6r hela familjens resurser, styrkor och sv\u00e5righeter. I arbetet unders\u00f6ker man tillsammans med familjen hur familjens vardag fungerar och hur familjens liv ser ut. Dessutom utreder man hur relationerna mellan familjemedlemmarna ser ut, hur familjen m\u00f6ter barnens f\u00f6r\u00e4nderliga behov, hur f\u00f6r\u00e4ldraskapet fungerar och hurdan familjens funktionsf\u00f6rm\u00e5ga \u00e4r.<\/p>\n<\/div><\/div><\/div><\/div><\/div><\/div><\/div><div class=\"wpb_column vc_column_container\"><div class=\"vc_column-inner\"><div class=\"w-ibanner us_custom_74e2e327 has_text_color animation_caeros ratio_2x3 easing_ease\"><div class=\"w-ibanner-h\"><div class=\"w-ibanner-image\" style=\"background-image: url(https:\/\/miinanpolku.fi\/wp-content\/uploads\/2022\/02\/Nimeto\u0308n-suunn.malli-2022-02-25T114628.278-1024x1024.png)\"><\/div><div class=\"w-ibanner-content\"><div class=\"w-ibanner-content-h\"><h3 class=\"w-ibanner-title\">UTV\u00c4RDERING AV F\u00d6R\u00c4LDRASKAPET<\/h3><div class=\"w-ibanner-desc\"><p>Utl\u00e5tandet om utv\u00e4rderingen av f\u00f6r\u00e4ldraskapet utarbetas som ett resultat av ett m\u00e5ngprofessionellt teams planenliga och systematiska arbete. I detta utl\u00e5tande beskrivs f\u00f6r\u00e4ldrarna, barnet och familjens livssituation, och man str\u00e4var ocks\u00e5 efter att bed\u00f6ma om f\u00f6r\u00e4ldern kan svara p\u00e5 sitt barns behov eller om kriterierna f\u00f6r omh\u00e4ndertagande uppfylls.<\/p>\n<\/div><\/div><\/div><\/div><\/div><\/div><\/div><\/div><\/div><\/section>\n","protected":false},"excerpt":{"rendered":"FAMILJE-REHABILITERINGMan kan t\u00e4nka p\u00e5 familjerehabilitering som korrigerande familjearbete. Detta inneb\u00e4r bland annat st\u00f6d f\u00f6r \u00e4ndringar man kommit \u00f6verens om samt en planenlig och m\u00e5linriktad utredning av familjens situation utifr\u00e5n barnskyddsperspektiv. Barnskyddets rehabilitering \u00e4r intensiv, l\u00e5ngsiktig och m\u00e5linriktad, och den utf\u00f6rs tillsammans med hela familjen f\u00f6r att l\u00f6sa problem. INTENSIFIERAT FAMILJEARBETEIntensifierat familjearbete \u00e4r planm\u00e4ssig och lagstadgad...","protected":false},"author":1,"featured_media":0,"parent":0,"menu_order":0,"comment_status":"closed","ping_status":"closed","template":"","meta":{"footnotes":""},"class_list":["post-8221","page","type-page","status-publish","hentry"],"_links":{"self":[{"href":"https:\/\/miinanpolku.fi\/sv\/wp-json\/wp\/v2\/pages\/8221","targetHints":{"allow":["GET"]}}],"collection":[{"href":"https:\/\/miinanpolku.fi\/sv\/wp-json\/wp\/v2\/pages"}],"about":[{"href":"https:\/\/miinanpolku.fi\/sv\/wp-json\/wp\/v2\/types\/page"}],"author":[{"embeddable":true,"href":"https:\/\/miinanpolku.fi\/sv\/wp-json\/wp\/v2\/users\/1"}],"replies":[{"embeddable":true,"href":"https:\/\/miinanpolku.fi\/sv\/wp-json\/wp\/v2\/comments?post=8221"}],"version-history":[{"count":15,"href":"https:\/\/miinanpolku.fi\/sv\/wp-json\/wp\/v2\/pages\/8221\/revisions"}],"predecessor-version":[{"id":8254,"href":"https:\/\/miinanpolku.fi\/sv\/wp-json\/wp\/v2\/pages\/8221\/revisions\/8254"}],"wp:attachment":[{"href":"https:\/\/miinanpolku.fi\/sv\/wp-json\/wp\/v2\/media?parent=8221"}],"curies":[{"name":"wp","href":"https:\/\/api.w.org\/{rel}","templated":true}]}}