{"id":8215,"date":"2013-06-13T07:48:46","date_gmt":"2013-06-13T04:48:46","guid":{"rendered":"https:\/\/miinanpolku.fi\/huvudsida\/"},"modified":"2025-03-07T18:40:26","modified_gmt":"2025-03-07T16:40:26","slug":"huvudsida","status":"publish","type":"page","link":"https:\/\/miinanpolku.fi\/sv\/","title":{"rendered":"Huvudsida"},"content":{"rendered":"<section class=\"l-section wpb_row height_huge color_primary with_img parallax_ver\"><div class=\"l-section-img\" style=\"background-image: url(https:\/\/miinanpolku.fi\/wp-content\/uploads\/2022\/02\/Nimeto\u0308n-suunn.malli-2022-02-25T123450.266.png);\" data-img-width=\"6912\" data-img-height=\"3456\"><\/div><div class=\"l-section-h i-cf\"><div class=\"g-cols vc_row via_grid cols_2-1 laptops-cols_inherit tablets-cols_inherit mobiles-cols_1 valign_top type_default\"><div class=\"wpb_column vc_column_container\"><div class=\"vc_column-inner\"><div class=\"w-separator size_large\"><\/div>[vc_custom_heading text=&#8221;\u00d6kat v\u00e4lbefinnande f\u00f6r familjer&#8221; google_fonts=&#8221;font_family:Dancing%20Script%3Aregular%2C700|font_style:400%20regular%3A400%3Anormal&#8221; css=&#8221;%7B%22default%22%3A%7B%22font-size%22%3A%2270px%22%7D%7D&#8221;]<\/div><\/div><div class=\"wpb_column vc_column_container\"><div class=\"vc_column-inner\"><\/div><\/div><\/div><\/div><\/section><section class=\"l-section wpb_row height_custom full_height valign_center with_img\" id=\"Handla om\"><div class=\"l-section-img\" style=\"background-image: url(https:\/\/miinanpolku.fi\/wp-content\/uploads\/2022\/02\/Nimeto\u0308n-suunn.malli-2022-02-25T102423.581.png);\" data-img-width=\"6912\" data-img-height=\"3456\"><\/div><div class=\"l-section-h i-cf\"><div class=\"g-cols vc_row via_grid cols_2 laptops-cols_inherit tablets-cols_inherit mobiles-cols_1 valign_middle type_default\"><div class=\"wpb_column vc_column_container\"><div class=\"vc_column-inner\"><div class=\"wpb_text_column\"><div class=\"wpb_wrapper\"><h2><span class=\"JsGRdQ\">&#8221;Familjecentralitet och barnets b\u00e4sta som v\u00e4gledande principer&#8221;<\/span><\/h2>\n<\/div><\/div><\/div><\/div><div class=\"wpb_column vc_column_container\"><div class=\"vc_column-inner\"><div class=\"w-separator size_huge\"><\/div><div class=\"w-separator size_huge\"><\/div><div class=\"wpb_text_column\"><div class=\"wpb_wrapper\"><p><span class=\"JsGRdQ\">Miinanpolku inledde sin verksamhet som familjerehabilitering p\u00e5 anstalt i Ruokolax, men 2017 flyttades verksamheten till \u00c5bo. I detta skede f\u00f6rvandlades ocks\u00e5 anstaltrehabiliteringens id\u00e9er till \u00f6ppna tj\u00e4nster som f\u00f6rs hem till familjen.<\/span><\/p>\n<\/div><\/div><\/div><\/div><\/div><\/div><\/section><section class=\"l-section wpb_row height_auto width_full\" id=\"Custom\"><div class=\"l-section-h i-cf\"><div class=\"g-cols vc_row via_grid cols_2 laptops-cols_inherit tablets-cols_inherit mobiles-cols_1 valign_middle type_boxes\" style=\"grid-gap:0rem;\"><div class=\"wpb_column vc_column_container us_custom_1f5f827b has_bg_color\"><div class=\"vc_column-inner\"><div class=\"w-image align_none\"><div class=\"w-image-h\"><img loading=\"lazy\" decoding=\"async\" width=\"1024\" height=\"1024\" src=\"https:\/\/miinanpolku.fi\/wp-content\/uploads\/2022\/02\/Nimeto\u0308n-suunn.malli-2022-02-25T105145.200-1024x1024.png\" class=\"attachment-large size-large\" alt=\"\" srcset=\"https:\/\/miinanpolku.fi\/wp-content\/uploads\/2022\/02\/Nimeto\u0308n-suunn.malli-2022-02-25T105145.200-1024x1024.png 1024w, https:\/\/miinanpolku.fi\/wp-content\/uploads\/2022\/02\/Nimeto\u0308n-suunn.malli-2022-02-25T105145.200-300x300.png 300w, https:\/\/miinanpolku.fi\/wp-content\/uploads\/2022\/02\/Nimeto\u0308n-suunn.malli-2022-02-25T105145.200-150x150.png 150w, https:\/\/miinanpolku.fi\/wp-content\/uploads\/2022\/02\/Nimeto\u0308n-suunn.malli-2022-02-25T105145.200.png 1080w\" sizes=\"auto, (max-width: 1024px) 100vw, 1024px\" \/><\/div><\/div><\/div><\/div><div class=\"wpb_column vc_column_container\"><div class=\"vc_column-inner\"><div class=\"w-separator size_medium\"><\/div><div class=\"wpb_text_column\"><div class=\"wpb_wrapper\"><h2>Verksamhetens ideologi<\/h2>\n<p>Hos Miinanpolku prioriteras alltid klientens b\u00e4sta, och vi arbetar med en positiv inst\u00e4llning genom att st\u00e4rka det som fungerar och st\u00f6der familjens ork. M\u00e5let f\u00f6r arbetet \u00e4r att st\u00f6dja familjen i att uppr\u00e4tth\u00e5lla helt\u00e4ckande livshantering, i att utveckla en struktur f\u00f6r vardagen samt i interaktionen mellan barnen och f\u00f6r\u00e4ldrarna.<\/p>\n<p>Miinanpolku vill vara med om att f\u00f6rnya systemet med barnskyddets socialservice och hj\u00e4lpa familjer i deras egen omgivning. Arbetet \u00e4r m\u00e5linriktat och f\u00f6ljer Miinanpolkus v\u00e4rderingar.<\/p>\n<\/div><\/div><\/div><\/div><\/div><\/div><\/section><section class=\"l-section wpb_row height_custom\"><div class=\"l-section-overlay\" style=\"background:var(--color-content-bg-alt)\"><\/div><div class=\"l-section-h i-cf\"><div class=\"g-cols vc_row via_grid cols_1 laptops-cols_inherit tablets-cols_inherit mobiles-cols_1 valign_top type_default\"><div class=\"wpb_column vc_column_container\"><div class=\"vc_column-inner\"><div class=\"wpb_text_column\"><div class=\"wpb_wrapper\"><h2 style=\"text-align: center;\">V\u00e4rderingarna som definierar v\u00e5r verksamhet<\/h2>\n<\/div><\/div><\/div><\/div><\/div><\/div><\/section><section class=\"l-section wpb_row height_custom\"><div class=\"l-section-overlay\" style=\"background:var(--color-content-bg-alt)\"><\/div><div class=\"l-section-h i-cf\"><div class=\"g-cols vc_row via_grid cols_1 laptops-cols_inherit tablets-cols_inherit mobiles-cols_1 valign_top type_default\"><div class=\"wpb_column vc_column_container\"><div class=\"vc_column-inner\"><div class=\"g-cols wpb_row via_grid cols_4 laptops-cols_inherit tablets-cols_inherit mobiles-cols_1 valign_top type_default\"><div class=\"wpb_column vc_column_container\"><div class=\"vc_column-inner\"><div class=\"w-image align_none\"><div class=\"w-image-h\"><img loading=\"lazy\" decoding=\"async\" width=\"1024\" height=\"1024\" src=\"https:\/\/miinanpolku.fi\/wp-content\/uploads\/2022\/03\/Erilaisuuden-hyva\u0308ksyminen-10-1024x1024.png\" class=\"attachment-large size-large\" alt=\"\" srcset=\"https:\/\/miinanpolku.fi\/wp-content\/uploads\/2022\/03\/Erilaisuuden-hyva\u0308ksyminen-10-1024x1024.png 1024w, https:\/\/miinanpolku.fi\/wp-content\/uploads\/2022\/03\/Erilaisuuden-hyva\u0308ksyminen-10-300x300.png 300w, https:\/\/miinanpolku.fi\/wp-content\/uploads\/2022\/03\/Erilaisuuden-hyva\u0308ksyminen-10-150x150.png 150w, https:\/\/miinanpolku.fi\/wp-content\/uploads\/2022\/03\/Erilaisuuden-hyva\u0308ksyminen-10.png 1080w\" sizes=\"auto, (max-width: 1024px) 100vw, 1024px\" \/><\/div><\/div><\/div><\/div><div class=\"wpb_column vc_column_container\"><div class=\"vc_column-inner\"><div class=\"w-image align_none\"><div class=\"w-image-h\"><img loading=\"lazy\" decoding=\"async\" width=\"1024\" height=\"1024\" src=\"https:\/\/miinanpolku.fi\/wp-content\/uploads\/2022\/03\/Erilaisuuden-hyva\u0308ksyminen-6-1024x1024.png\" class=\"attachment-large size-large\" alt=\"\" srcset=\"https:\/\/miinanpolku.fi\/wp-content\/uploads\/2022\/03\/Erilaisuuden-hyva\u0308ksyminen-6-1024x1024.png 1024w, https:\/\/miinanpolku.fi\/wp-content\/uploads\/2022\/03\/Erilaisuuden-hyva\u0308ksyminen-6-300x300.png 300w, https:\/\/miinanpolku.fi\/wp-content\/uploads\/2022\/03\/Erilaisuuden-hyva\u0308ksyminen-6-150x150.png 150w, https:\/\/miinanpolku.fi\/wp-content\/uploads\/2022\/03\/Erilaisuuden-hyva\u0308ksyminen-6.png 1080w\" sizes=\"auto, (max-width: 1024px) 100vw, 1024px\" \/><\/div><\/div><\/div><\/div><div class=\"wpb_column vc_column_container\"><div class=\"vc_column-inner\"><div class=\"w-image align_none\"><div class=\"w-image-h\"><img loading=\"lazy\" decoding=\"async\" width=\"1024\" height=\"1024\" src=\"https:\/\/miinanpolku.fi\/wp-content\/uploads\/2022\/03\/Erilaisuuden-hyva\u0308ksyminen-7-1024x1024.png\" class=\"attachment-large size-large\" alt=\"\" srcset=\"https:\/\/miinanpolku.fi\/wp-content\/uploads\/2022\/03\/Erilaisuuden-hyva\u0308ksyminen-7-1024x1024.png 1024w, https:\/\/miinanpolku.fi\/wp-content\/uploads\/2022\/03\/Erilaisuuden-hyva\u0308ksyminen-7-300x300.png 300w, https:\/\/miinanpolku.fi\/wp-content\/uploads\/2022\/03\/Erilaisuuden-hyva\u0308ksyminen-7-150x150.png 150w, https:\/\/miinanpolku.fi\/wp-content\/uploads\/2022\/03\/Erilaisuuden-hyva\u0308ksyminen-7.png 1080w\" sizes=\"auto, (max-width: 1024px) 100vw, 1024px\" \/><\/div><\/div><\/div><\/div><div class=\"wpb_column vc_column_container\"><div class=\"vc_column-inner\"><div class=\"w-image align_none\"><div class=\"w-image-h\"><img loading=\"lazy\" decoding=\"async\" width=\"1024\" height=\"1024\" src=\"https:\/\/miinanpolku.fi\/wp-content\/uploads\/2022\/03\/Erilaisuuden-hyva\u0308ksyminen-8-1024x1024.png\" class=\"attachment-large size-large\" alt=\"\" srcset=\"https:\/\/miinanpolku.fi\/wp-content\/uploads\/2022\/03\/Erilaisuuden-hyva\u0308ksyminen-8-1024x1024.png 1024w, https:\/\/miinanpolku.fi\/wp-content\/uploads\/2022\/03\/Erilaisuuden-hyva\u0308ksyminen-8-300x300.png 300w, https:\/\/miinanpolku.fi\/wp-content\/uploads\/2022\/03\/Erilaisuuden-hyva\u0308ksyminen-8-150x150.png 150w, https:\/\/miinanpolku.fi\/wp-content\/uploads\/2022\/03\/Erilaisuuden-hyva\u0308ksyminen-8.png 1080w\" sizes=\"auto, (max-width: 1024px) 100vw, 1024px\" \/><\/div><\/div><\/div><\/div><\/div><\/div><\/div><\/div><\/div><\/section>\n","protected":false},"excerpt":{"rendered":"[vc_custom_heading text=\"\u00d6kat v\u00e4lbefinnande f\u00f6r familjer\" google_fonts=\"font_family:Dancing%20Script%3Aregular%2C700|font_style:400%20regular%3A400%3Anormal\" css=\"%7B%22default%22%3A%7B%22font-size%22%3A%2270px%22%7D%7D\"]&#8221;Familjecentralitet och barnets b\u00e4sta som v\u00e4gledande principer&#8221; Miinanpolku inledde sin verksamhet som familjerehabilitering p\u00e5 anstalt i Ruokolax, men 2017 flyttades verksamheten till \u00c5bo. I detta skede f\u00f6rvandlades ocks\u00e5 anstaltrehabiliteringens id\u00e9er till \u00f6ppna tj\u00e4nster som f\u00f6rs hem till familjen. Verksamhetens ideologi Hos Miinanpolku prioriteras alltid klientens b\u00e4sta, och vi arbetar...","protected":false},"author":1,"featured_media":0,"parent":0,"menu_order":0,"comment_status":"closed","ping_status":"closed","template":"","meta":{"footnotes":""},"class_list":["post-8215","page","type-page","status-publish","hentry"],"_links":{"self":[{"href":"https:\/\/miinanpolku.fi\/sv\/wp-json\/wp\/v2\/pages\/8215","targetHints":{"allow":["GET"]}}],"collection":[{"href":"https:\/\/miinanpolku.fi\/sv\/wp-json\/wp\/v2\/pages"}],"about":[{"href":"https:\/\/miinanpolku.fi\/sv\/wp-json\/wp\/v2\/types\/page"}],"author":[{"embeddable":true,"href":"https:\/\/miinanpolku.fi\/sv\/wp-json\/wp\/v2\/users\/1"}],"replies":[{"embeddable":true,"href":"https:\/\/miinanpolku.fi\/sv\/wp-json\/wp\/v2\/comments?post=8215"}],"version-history":[{"count":19,"href":"https:\/\/miinanpolku.fi\/sv\/wp-json\/wp\/v2\/pages\/8215\/revisions"}],"predecessor-version":[{"id":8286,"href":"https:\/\/miinanpolku.fi\/sv\/wp-json\/wp\/v2\/pages\/8215\/revisions\/8286"}],"wp:attachment":[{"href":"https:\/\/miinanpolku.fi\/sv\/wp-json\/wp\/v2\/media?parent=8215"}],"curies":[{"name":"wp","href":"https:\/\/api.w.org\/{rel}","templated":true}]}}